{"id":59,"date":"2021-05-12T23:09:46","date_gmt":"2021-05-12T23:09:46","guid":{"rendered":"https:\/\/volateadventures.com\/?page_id=59"},"modified":"2025-11-04T12:25:23","modified_gmt":"2025-11-04T15:25:23","slug":"politica-de-cancelacion","status":"publish","type":"page","link":"https:\/\/volateadventures.com\/en\/politica-de-cancelacion\/","title":{"rendered":"Pol\u00edtica de cancelaci\u00f3n"},"content":{"rendered":"<div data-elementor-type=\"wp-page\" data-elementor-id=\"59\" class=\"elementor elementor-59\" data-elementor-post-type=\"page\">\n\t\t\t\t\t\t<section class=\"has_eae_slider elementor-section elementor-top-section elementor-element elementor-element-11e51f4 elementor-section-boxed elementor-section-height-default elementor-section-height-default\" data-id=\"11e51f4\" data-element_type=\"section\" data-e-type=\"section\">\n\t\t\t\t\t\t<div class=\"elementor-container elementor-column-gap-default\">\n\t\t\t\t\t<div class=\"has_eae_slider elementor-column elementor-col-100 elementor-top-column elementor-element elementor-element-45be37e9\" data-id=\"45be37e9\" data-element_type=\"column\" data-e-type=\"column\">\n\t\t\t<div class=\"elementor-widget-wrap elementor-element-populated\">\n\t\t\t\t\t\t<div class=\"elementor-element elementor-element-6fcce7b4 elementor-widget elementor-widget-text-editor\" data-id=\"6fcce7b4\" data-element_type=\"widget\" data-e-type=\"widget\" data-widget_type=\"text-editor.default\">\n\t\t\t\t<div class=\"elementor-widget-container\">\n\t\t\t\t\t\t\t\t\t<p><strong><span style=\"color: #fe7903;\">Cancellation policies<\/span><\/strong><\/p><p><span style=\"color: #fe7903;\"><strong>Expedition, Expedition Express, Expedition Plus, Road Trip, Safari y\u00a0<\/strong><\/span><span style=\"color: #fe7903;\"><span style=\"caret-color: #fe7903;\"><b>Trekking<\/b><\/span><\/span><\/p><ul><li>Password or booking in any case, it is refundable, reusable, and non-transferable.<\/li><li>Si por cualquier otra raz\u00f3n cancelas tu viaje entre noventa (90) d\u00edas o m\u00e1s, antes del comienzo del mismo, no se devuelve la se\u00f1a o reserva. Se te devuelve la totalidad del resto del dinero que hayas abonado.<\/li><li>Si por cualquier otra raz\u00f3n cancelas tu viaje entre ochenta y nueve (89) y sesenta (60) d\u00edas antes del comienzo del mismo, no se devuelve la se\u00f1a o reserva. Se te devuelve el 50% del resto del dinero que hayas abonado.<\/li><li>Si por cualquier otra raz\u00f3n cancelas tu viaje menos \u00a0cincuenta y nueve (59) d\u00edas o menos del comienzo del mismo, no se devuelve la se\u00f1a o reserva. No hay reprogramciones ni devoluciones del resto del dinero que hayas abonado.<\/li><li>In case you have requested a refund according to the terms above, the same shall be made between thirty (30) and forty five (45) days and in the same currency payment, then request it via e-mail.<\/li><li>The path, the times, the accommodation, the activities, amenities and mode of transport may be changed without prior notice due to unforeseeable circumstances or events outside the scope of Voltage. Not issue refunds, discounts or refunds for services that may be lost or not used after the output due to causes beyond the control Voltage.<\/li><\/ul>\t\t\t\t\t\t\t\t<\/div>\n\t\t\t\t<\/div>\n\t\t\t\t\t<\/div>\n\t\t<\/div>\n\t\t\t\t\t<\/div>\n\t\t<\/section>\n\t\t\t\t<\/div>","protected":false},"excerpt":{"rendered":"<p>Pol\u00edticas de cancelaci\u00f3n Expedition, Expedition Express, Expedition Plus, Road Trip, Safari y\u00a0Trekking La se\u00f1a o reserva en ning\u00fan caso es reembolsable, reutilizable,\u00a0ni\u00a0transferible. Si por cualquier otra raz\u00f3n cancelas tu viaje entre noventa (90) d\u00edas o m\u00e1s, antes del comienzo del mismo, no se devuelve la se\u00f1a o reserva. Se te devuelve la totalidad del resto [&hellip;]<\/p>","protected":false},"author":1,"featured_media":0,"parent":0,"menu_order":0,"comment_status":"closed","ping_status":"closed","template":"","meta":{"ocean_post_layout":"full-width","ocean_both_sidebars_style":"","ocean_both_sidebars_content_width":0,"ocean_both_sidebars_sidebars_width":0,"ocean_sidebar":"0","ocean_second_sidebar":"0","ocean_disable_margins":"enable","ocean_add_body_class":"","ocean_shortcode_before_top_bar":"","ocean_shortcode_after_top_bar":"","ocean_shortcode_before_header":"","ocean_shortcode_after_header":"","ocean_has_shortcode":"","ocean_shortcode_after_title":"","ocean_shortcode_before_footer_widgets":"","ocean_shortcode_after_footer_widgets":"","ocean_shortcode_before_footer_bottom":"","ocean_shortcode_after_footer_bottom":"","ocean_display_top_bar":"default","ocean_display_header":"default","ocean_header_style":"","ocean_center_header_left_menu":"0","ocean_custom_header_template":"0","ocean_custom_logo":0,"ocean_custom_retina_logo":0,"ocean_custom_logo_max_width":0,"ocean_custom_logo_tablet_max_width":0,"ocean_custom_logo_mobile_max_width":0,"ocean_custom_logo_max_height":0,"ocean_custom_logo_tablet_max_height":0,"ocean_custom_logo_mobile_max_height":0,"ocean_header_custom_menu":"0","ocean_menu_typo_font_family":"0","ocean_menu_typo_font_subset":"","ocean_menu_typo_font_size":0,"ocean_menu_typo_font_size_tablet":0,"ocean_menu_typo_font_size_mobile":0,"ocean_menu_typo_font_size_unit":"px","ocean_menu_typo_font_weight":"","ocean_menu_typo_font_weight_tablet":"","ocean_menu_typo_font_weight_mobile":"","ocean_menu_typo_transform":"","ocean_menu_typo_transform_tablet":"","ocean_menu_typo_transform_mobile":"","ocean_menu_typo_line_height":0,"ocean_menu_typo_line_height_tablet":0,"ocean_menu_typo_line_height_mobile":0,"ocean_menu_typo_line_height_unit":"","ocean_menu_typo_spacing":0,"ocean_menu_typo_spacing_tablet":0,"ocean_menu_typo_spacing_mobile":0,"ocean_menu_typo_spacing_unit":"","ocean_menu_link_color":"","ocean_menu_link_color_hover":"","ocean_menu_link_color_active":"","ocean_menu_link_background":"","ocean_menu_link_hover_background":"","ocean_menu_link_active_background":"","ocean_menu_social_links_bg":"","ocean_menu_social_hover_links_bg":"","ocean_menu_social_links_color":"","ocean_menu_social_hover_links_color":"","ocean_disable_title":"default","ocean_disable_heading":"default","ocean_post_title":"","ocean_post_subheading":"","ocean_post_title_style":"","ocean_post_title_background_color":"","ocean_post_title_background":0,"ocean_post_title_bg_image_position":"","ocean_post_title_bg_image_attachment":"","ocean_post_title_bg_image_repeat":"","ocean_post_title_bg_image_size":"","ocean_post_title_height":0,"ocean_post_title_bg_overlay":0.5,"ocean_post_title_bg_overlay_color":"","ocean_disable_breadcrumbs":"default","ocean_breadcrumbs_color":"","ocean_breadcrumbs_separator_color":"","ocean_breadcrumbs_links_color":"","ocean_breadcrumbs_links_hover_color":"","ocean_display_footer_widgets":"default","ocean_display_footer_bottom":"default","ocean_custom_footer_template":"0","_joinchat":[],"footnotes":""},"class_list":["post-59","page","type-page","status-publish","hentry","entry","owp-thumbs-layout-horizontal","owp-btn-normal","owp-tabs-layout-horizontal","has-no-thumbnails","has-product-nav"],"_links":{"self":[{"href":"https:\/\/volateadventures.com\/en\/wp-json\/wp\/v2\/pages\/59","targetHints":{"allow":["GET"]}}],"collection":[{"href":"https:\/\/volateadventures.com\/en\/wp-json\/wp\/v2\/pages"}],"about":[{"href":"https:\/\/volateadventures.com\/en\/wp-json\/wp\/v2\/types\/page"}],"author":[{"embeddable":true,"href":"https:\/\/volateadventures.com\/en\/wp-json\/wp\/v2\/users\/1"}],"replies":[{"embeddable":true,"href":"https:\/\/volateadventures.com\/en\/wp-json\/wp\/v2\/comments?post=59"}],"version-history":[{"count":24,"href":"https:\/\/volateadventures.com\/en\/wp-json\/wp\/v2\/pages\/59\/revisions"}],"predecessor-version":[{"id":29894,"href":"https:\/\/volateadventures.com\/en\/wp-json\/wp\/v2\/pages\/59\/revisions\/29894"}],"wp:attachment":[{"href":"https:\/\/volateadventures.com\/en\/wp-json\/wp\/v2\/media?parent=59"}],"curies":[{"name":"wp","href":"https:\/\/api.w.org\/{rel}","templated":true}]}}